{"id":2,"date":"2023-12-05T11:08:43","date_gmt":"2023-12-05T11:08:43","guid":{"rendered":"http:\/\/fagralid.dk\/?page_id=2"},"modified":"2024-03-05T07:48:42","modified_gmt":"2024-03-05T07:48:42","slug":"osteopat-og-fysioterapeut-paa-bornholm","status":"publish","type":"page","link":"http:\/\/fagralid.dk\/","title":{"rendered":"OSTEOPAT OG FYSIOTERAPEUT P\u00c5 BORNHOLM"},"content":{"rendered":"\n<p class=\"has-text-align-center\">Som en erfaren fysioterapeut og osteopat, der betjener R\u00f8nne, Bornholm, er jeg dedikeret til at lindre smerter og forbedre funktion gennem grundig dialog og unders\u00f8gelse, hvor din aktive deltagelse er afg\u00f8rende.<\/p>\n\n\n\n<p class=\"has-text-align-center\">Min ekspertise som osteopat indeb\u00e6rer omfattende viden om fysiologi, neurologi, anatomi, biomekanik, sygdomsl\u00e6re og smerteforst\u00e5else.<\/p>\n\n\n\n<p class=\"has-text-align-center\">For mere information om osteopati, bes\u00f8g vores side: OSTEOPATI<\/p>\n\n\n\n<p class=\"has-text-align-center\">Efter en grundig unders\u00f8gelse udarbejder vi sammen en skr\u00e6ddersyet behandlingsplan. Jeg l\u00e6gger v\u00e6gt p\u00e5 at give dig omfattende vejledning til at h\u00e5ndtere din tilstand mellem vores konsultationer. Dette kan inkludere smerteh\u00e5ndtering, aktivitetsplanl\u00e6gning og livsstils\u00e6ndringer. Mine osteopatiske konsultationer varer typisk omkring 45 minutter, og et behandlingsforl\u00f8b kr\u00e6ver ofte f\u00e6rre sessioner sammenlignet med andre manuelle behandlingsformer.<\/p>\n\n\n\n<p class=\"has-text-align-center\">L\u00e6s mere om mig og mine erfaringer her: <a href=\"https:\/\/fagralid.dk\/index.php\/cv\/\">CURRICULUM<\/a><\/p>\n\n\n\n<div class=\"wp-block-buttons is-content-justification-center is-layout-flex wp-container-core-buttons-is-layout-a89b3969 wp-block-buttons-is-layout-flex\">\n<div class=\"wp-block-button is-style-fill\"><a class=\"wp-block-button__link has-text-align-center wp-element-button\" href=\"https:\/\/osteopatibornholm.dk\/book-en-tid\/\" target=\"_blank\" rel=\"noreferrer noopener\">BOOK TID HOS MIG VED OSTEOPATI BORNHOLM <\/a><\/div>\n<\/div>\n\n\n\n<figure class=\"wp-block-image aligncenter size-full is-resized\"><img loading=\"lazy\" decoding=\"async\" width=\"682\" height=\"810\" src=\"http:\/\/fagralid.dk\/wp-content\/uploads\/2023\/12\/web_DSC7626-Edit-copy-683x1024-1-e1701775555204.jpg\" alt=\"\" class=\"wp-image-23\" style=\"width:283px;height:auto\" srcset=\"http:\/\/fagralid.dk\/wp-content\/uploads\/2023\/12\/web_DSC7626-Edit-copy-683x1024-1-e1701775555204.jpg 682w, http:\/\/fagralid.dk\/wp-content\/uploads\/2023\/12\/web_DSC7626-Edit-copy-683x1024-1-e1701775555204-253x300.jpg 253w\" sizes=\"auto, (max-width: 682px) 100vw, 682px\" \/><\/figure>\n\n\n\n<div class=\"wp-block-group is-vertical is-content-justification-center is-layout-flex wp-container-core-group-is-layout-838cd1cc wp-block-group-is-layout-flex\" style=\"padding-top:var(--wp--preset--spacing--40);padding-bottom:var(--wp--preset--spacing--50)\"><div class=\"wp-block-site-logo\"><a href=\"http:\/\/fagralid.dk\/\" class=\"custom-logo-link\" rel=\"home\"><img loading=\"lazy\" decoding=\"async\" width=\"120\" height=\"120\" src=\"http:\/\/fagralid.dk\/wp-content\/uploads\/2023\/12\/cropped-LOGO-Fagralid-Coaching-4.png\" class=\"custom-logo\" alt=\"Philip Fagralid &#8211; Osteopati og fysioterapi p&aring; Bornholm\" srcset=\"http:\/\/fagralid.dk\/wp-content\/uploads\/2023\/12\/cropped-LOGO-Fagralid-Coaching-4.png 512w, http:\/\/fagralid.dk\/wp-content\/uploads\/2023\/12\/cropped-LOGO-Fagralid-Coaching-4-300x300.png 300w, http:\/\/fagralid.dk\/wp-content\/uploads\/2023\/12\/cropped-LOGO-Fagralid-Coaching-4-150x150.png 150w, http:\/\/fagralid.dk\/wp-content\/uploads\/2023\/12\/cropped-LOGO-Fagralid-Coaching-4-270x270.png 270w, http:\/\/fagralid.dk\/wp-content\/uploads\/2023\/12\/cropped-LOGO-Fagralid-Coaching-4-192x192.png 192w, http:\/\/fagralid.dk\/wp-content\/uploads\/2023\/12\/cropped-LOGO-Fagralid-Coaching-4-180x180.png 180w, http:\/\/fagralid.dk\/wp-content\/uploads\/2023\/12\/cropped-LOGO-Fagralid-Coaching-4-32x32.png 32w\" sizes=\"auto, (max-width: 120px) 100vw, 120px\" \/><\/a><\/div>\n\n\n<ul class=\"wp-block-social-links aligncenter is-layout-flex wp-block-social-links-is-layout-flex\"><li class=\"wp-social-link wp-social-link-instagram  wp-block-social-link\"><a href=\"https:\/\/www.instagram.com\/philipfagralid\/\" class=\"wp-block-social-link-anchor\"><svg width=\"24\" height=\"24\" viewBox=\"0 0 24 24\" version=\"1.1\" xmlns=\"http:\/\/www.w3.org\/2000\/svg\" aria-hidden=\"true\" focusable=\"false\"><path d=\"M12,4.622c2.403,0,2.688,0.009,3.637,0.052c0.877,0.04,1.354,0.187,1.671,0.31c0.42,0.163,0.72,0.358,1.035,0.673 c0.315,0.315,0.51,0.615,0.673,1.035c0.123,0.317,0.27,0.794,0.31,1.671c0.043,0.949,0.052,1.234,0.052,3.637 s-0.009,2.688-0.052,3.637c-0.04,0.877-0.187,1.354-0.31,1.671c-0.163,0.42-0.358,0.72-0.673,1.035 c-0.315,0.315-0.615,0.51-1.035,0.673c-0.317,0.123-0.794,0.27-1.671,0.31c-0.949,0.043-1.233,0.052-3.637,0.052 s-2.688-0.009-3.637-0.052c-0.877-0.04-1.354-0.187-1.671-0.31c-0.42-0.163-0.72-0.358-1.035-0.673 c-0.315-0.315-0.51-0.615-0.673-1.035c-0.123-0.317-0.27-0.794-0.31-1.671C4.631,14.688,4.622,14.403,4.622,12 s0.009-2.688,0.052-3.637c0.04-0.877,0.187-1.354,0.31-1.671c0.163-0.42,0.358-0.72,0.673-1.035 c0.315-0.315,0.615-0.51,1.035-0.673c0.317-0.123,0.794-0.27,1.671-0.31C9.312,4.631,9.597,4.622,12,4.622 M12,3 C9.556,3,9.249,3.01,8.289,3.054C7.331,3.098,6.677,3.25,6.105,3.472C5.513,3.702,5.011,4.01,4.511,4.511 c-0.5,0.5-0.808,1.002-1.038,1.594C3.25,6.677,3.098,7.331,3.054,8.289C3.01,9.249,3,9.556,3,12c0,2.444,0.01,2.751,0.054,3.711 c0.044,0.958,0.196,1.612,0.418,2.185c0.23,0.592,0.538,1.094,1.038,1.594c0.5,0.5,1.002,0.808,1.594,1.038 c0.572,0.222,1.227,0.375,2.185,0.418C9.249,20.99,9.556,21,12,21s2.751-0.01,3.711-0.054c0.958-0.044,1.612-0.196,2.185-0.418 c0.592-0.23,1.094-0.538,1.594-1.038c0.5-0.5,0.808-1.002,1.038-1.594c0.222-0.572,0.375-1.227,0.418-2.185 C20.99,14.751,21,14.444,21,12s-0.01-2.751-0.054-3.711c-0.044-0.958-0.196-1.612-0.418-2.185c-0.23-0.592-0.538-1.094-1.038-1.594 c-0.5-0.5-1.002-0.808-1.594-1.038c-0.572-0.222-1.227-0.375-2.185-0.418C14.751,3.01,14.444,3,12,3L12,3z M12,7.378 c-2.552,0-4.622,2.069-4.622,4.622S9.448,16.622,12,16.622s4.622-2.069,4.622-4.622S14.552,7.378,12,7.378z M12,15 c-1.657,0-3-1.343-3-3s1.343-3,3-3s3,1.343,3,3S13.657,15,12,15z M16.804,6.116c-0.596,0-1.08,0.484-1.08,1.08 s0.484,1.08,1.08,1.08c0.596,0,1.08-0.484,1.08-1.08S17.401,6.116,16.804,6.116z\"><\/path><\/svg><span class=\"wp-block-social-link-label screen-reader-text\">Instagram<\/span><\/a><\/li>\n\n<li class=\"wp-social-link wp-social-link-linkedin  wp-block-social-link\"><a href=\"https:\/\/www.linkedin.com\/in\/philipfagralid\/\" class=\"wp-block-social-link-anchor\"><svg width=\"24\" height=\"24\" viewBox=\"0 0 24 24\" version=\"1.1\" xmlns=\"http:\/\/www.w3.org\/2000\/svg\" aria-hidden=\"true\" focusable=\"false\"><path d=\"M19.7,3H4.3C3.582,3,3,3.582,3,4.3v15.4C3,20.418,3.582,21,4.3,21h15.4c0.718,0,1.3-0.582,1.3-1.3V4.3 C21,3.582,20.418,3,19.7,3z M8.339,18.338H5.667v-8.59h2.672V18.338z M7.004,8.574c-0.857,0-1.549-0.694-1.549-1.548 c0-0.855,0.691-1.548,1.549-1.548c0.854,0,1.547,0.694,1.547,1.548C8.551,7.881,7.858,8.574,7.004,8.574z M18.339,18.338h-2.669 v-4.177c0-0.996-0.017-2.278-1.387-2.278c-1.389,0-1.601,1.086-1.601,2.206v4.249h-2.667v-8.59h2.559v1.174h0.037 c0.356-0.675,1.227-1.387,2.526-1.387c2.703,0,3.203,1.779,3.203,4.092V18.338z\"><\/path><\/svg><span class=\"wp-block-social-link-label screen-reader-text\">LinkedIn<\/span><\/a><\/li>\n\n<li class=\"wp-social-link wp-social-link-mail  wp-block-social-link\"><a href=\"mailto:ph&#105;l&#105;&#112;&#064;&#102;a&#103;&#114;a&#108;&#105;&#100;&#046;&#100;k\" class=\"wp-block-social-link-anchor\"><svg width=\"24\" height=\"24\" viewBox=\"0 0 24 24\" version=\"1.1\" xmlns=\"http:\/\/www.w3.org\/2000\/svg\" aria-hidden=\"true\" focusable=\"false\"><path d=\"M19,5H5c-1.1,0-2,.9-2,2v10c0,1.1.9,2,2,2h14c1.1,0,2-.9,2-2V7c0-1.1-.9-2-2-2zm.5,12c0,.3-.2.5-.5.5H5c-.3,0-.5-.2-.5-.5V9.8l7.5,5.6,7.5-5.6V17zm0-9.1L12,13.6,4.5,7.9V7c0-.3.2-.5.5-.5h14c.3,0,.5.2.5.5v.9z\"><\/path><\/svg><span class=\"wp-block-social-link-label screen-reader-text\">Mail<\/span><\/a><\/li><\/ul>\n\n\n\n<div class=\"wp-block-group has-global-padding is-layout-constrained wp-block-group-is-layout-constrained\">\n<div class=\"wp-block-buttons is-layout-flex wp-block-buttons-is-layout-flex\">\n<div class=\"wp-block-button\"><a class=\"wp-block-button__link wp-element-button\" href=\"https:\/\/osteopatibornholm.dk\/book-en-tid\/\" target=\"_blank\" rel=\"noreferrer noopener\">BOOK TID HER<\/a><\/div>\n<\/div>\n<\/div>\n<\/div>\n","protected":false},"excerpt":{"rendered":"<p>Som en erfaren fysioterapeut og osteopat, der betjener R\u00f8nne, Bornholm, er jeg dedikeret til at lindre smerter og forbedre funktion gennem grundig dialog og unders\u00f8gelse, hvor din aktive deltagelse er afg\u00f8rende. Min ekspertise som osteopat indeb\u00e6rer omfattende viden om fysiologi, neurologi, anatomi, biomekanik, sygdomsl\u00e6re og smerteforst\u00e5else. For mere information om osteopati, bes\u00f8g vores side: OSTEOPATI [&hellip;]<\/p>\n","protected":false},"author":1,"featured_media":0,"parent":0,"menu_order":0,"comment_status":"closed","ping_status":"closed","template":"","meta":{"footnotes":""},"class_list":["post-2","page","type-page","status-publish","hentry"],"yoast_head":"<!-- This site is optimized with the Yoast SEO Premium plugin v22.1 (Yoast SEO v27.1.1) - https:\/\/yoast.com\/product\/yoast-seo-premium-wordpress\/ -->\n<title>OSTEOPAT OG FYSIOTERAPEUT P\u00c5 BORNHOLM - Philip Fagralid - Osteopati og fysioterapi p&aring; Bornholm<\/title>\n<meta name=\"description\" content=\"Jeg er aut. fysioterapeut og aut. osteopat p\u00e5 i R\u00f8nne p\u00e5 Bornholm, og behandler smerter og funktionsneds\u00e6ttelser igennem en grundig dialog og unders\u00f8gelse, der altid involverer dig. Jeg specialiserer mig inden for smerter i muskler og led, samt b\u00f8rn og kvinder f\u00f8r, under og efter en graviditet. Book tid her\" \/>\n<meta name=\"robots\" content=\"index, follow, max-snippet:-1, max-image-preview:large, max-video-preview:-1\" \/>\n<link rel=\"canonical\" href=\"http:\/\/fagralid.dk\/\" \/>\n<meta property=\"og:locale\" content=\"da_DK\" \/>\n<meta property=\"og:type\" content=\"article\" \/>\n<meta property=\"og:title\" content=\"OSTEOPAT OG FYSIOTERAPEUT P\u00c5 BORNHOLM\" \/>\n<meta property=\"og:description\" content=\"Jeg er aut. fysioterapeut og aut. osteopat p\u00e5 i R\u00f8nne p\u00e5 Bornholm, og behandler smerter og funktionsneds\u00e6ttelser igennem en grundig dialog og unders\u00f8gelse, der altid involverer dig. Jeg specialiserer mig inden for smerter i muskler og led, samt b\u00f8rn og kvinder f\u00f8r, under og efter en graviditet. Book tid her\" \/>\n<meta property=\"og:url\" content=\"http:\/\/fagralid.dk\/\" \/>\n<meta property=\"og:site_name\" content=\"Philip Fagralid - Osteopati og fysioterapi p&aring; Bornholm\" \/>\n<meta property=\"article:modified_time\" content=\"2024-03-05T07:48:42+00:00\" \/>\n<meta property=\"og:image\" content=\"http:\/\/fagralid.dk\/wp-content\/uploads\/2023\/12\/web_DSC7626-Edit-copy-683x1024-1-e1701775555204.jpg\" \/>\n<meta name=\"twitter:card\" content=\"summary_large_image\" \/>\n<meta name=\"twitter:label1\" content=\"Estimeret l\u00e6setid\" \/>\n\t<meta name=\"twitter:data1\" content=\"1 minut\" \/>\n<script type=\"application\/ld+json\" class=\"yoast-schema-graph\">{\"@context\":\"https:\/\/schema.org\",\"@graph\":[{\"@type\":\"WebPage\",\"@id\":\"http:\/\/fagralid.dk\/\",\"url\":\"http:\/\/fagralid.dk\/\",\"name\":\"OSTEOPAT OG FYSIOTERAPEUT P\u00c5 BORNHOLM - Philip Fagralid - Osteopati og fysioterapi p&aring; Bornholm\",\"isPartOf\":{\"@id\":\"http:\/\/fagralid.dk\/#website\"},\"primaryImageOfPage\":{\"@id\":\"http:\/\/fagralid.dk\/#primaryimage\"},\"image\":{\"@id\":\"http:\/\/fagralid.dk\/#primaryimage\"},\"thumbnailUrl\":\"http:\/\/fagralid.dk\/wp-content\/uploads\/2023\/12\/web_DSC7626-Edit-copy-683x1024-1-e1701775555204.jpg\",\"datePublished\":\"2023-12-05T11:08:43+00:00\",\"dateModified\":\"2024-03-05T07:48:42+00:00\",\"description\":\"Jeg er aut. fysioterapeut og aut. osteopat p\u00e5 i R\u00f8nne p\u00e5 Bornholm, og behandler smerter og funktionsneds\u00e6ttelser igennem en grundig dialog og unders\u00f8gelse, der altid involverer dig. Jeg specialiserer mig inden for smerter i muskler og led, samt b\u00f8rn og kvinder f\u00f8r, under og efter en graviditet. Book tid her\",\"breadcrumb\":{\"@id\":\"http:\/\/fagralid.dk\/#breadcrumb\"},\"inLanguage\":\"da-DK\",\"potentialAction\":[{\"@type\":\"ReadAction\",\"target\":[\"http:\/\/fagralid.dk\/\"]}]},{\"@type\":\"ImageObject\",\"inLanguage\":\"da-DK\",\"@id\":\"http:\/\/fagralid.dk\/#primaryimage\",\"url\":\"http:\/\/fagralid.dk\/wp-content\/uploads\/2023\/12\/web_DSC7626-Edit-copy-683x1024-1-e1701775555204.jpg\",\"contentUrl\":\"http:\/\/fagralid.dk\/wp-content\/uploads\/2023\/12\/web_DSC7626-Edit-copy-683x1024-1-e1701775555204.jpg\",\"width\":682,\"height\":810},{\"@type\":\"BreadcrumbList\",\"@id\":\"http:\/\/fagralid.dk\/#breadcrumb\",\"itemListElement\":[{\"@type\":\"ListItem\",\"position\":1,\"name\":\"Hjem\",\"item\":\"http:\/\/fagralid.dk\/\"},{\"@type\":\"ListItem\",\"position\":2,\"name\":\"OSTEOPAT OG FYSIOTERAPEUT P\u00c5 BORNHOLM\"}]},{\"@type\":\"WebSite\",\"@id\":\"http:\/\/fagralid.dk\/#website\",\"url\":\"http:\/\/fagralid.dk\/\",\"name\":\"Philip Fagralid - Osteopat og fysioterapeut p\u00e5 Bornholm\",\"description\":\"\",\"publisher\":{\"@id\":\"http:\/\/fagralid.dk\/#\/schema\/person\/87cecda422b89528634bfd5967b26adc\"},\"potentialAction\":[{\"@type\":\"SearchAction\",\"target\":{\"@type\":\"EntryPoint\",\"urlTemplate\":\"http:\/\/fagralid.dk\/?s={search_term_string}\"},\"query-input\":{\"@type\":\"PropertyValueSpecification\",\"valueRequired\":true,\"valueName\":\"search_term_string\"}}],\"inLanguage\":\"da-DK\"},{\"@type\":[\"Person\",\"Organization\"],\"@id\":\"http:\/\/fagralid.dk\/#\/schema\/person\/87cecda422b89528634bfd5967b26adc\",\"name\":\"admin\",\"image\":{\"@type\":\"ImageObject\",\"inLanguage\":\"da-DK\",\"@id\":\"http:\/\/fagralid.dk\/#\/schema\/person\/image\/\",\"url\":\"http:\/\/fagralid.dk\/wp-content\/uploads\/2023\/12\/cropped-LOGO-Fagralid-Coaching-4.png\",\"contentUrl\":\"http:\/\/fagralid.dk\/wp-content\/uploads\/2023\/12\/cropped-LOGO-Fagralid-Coaching-4.png\",\"width\":512,\"height\":512,\"caption\":\"admin\"},\"logo\":{\"@id\":\"http:\/\/fagralid.dk\/#\/schema\/person\/image\/\"},\"description\":\"Osteopat og fysioterapeut i R\u00f8nne, Bornholm. Specialiserer mig inden for smerter i muskler og led, samt hos b\u00f8rn og kvinder f\u00f8r, under og efter graviditeten.\",\"sameAs\":[\"http:\/\/fagralid.dk\",\"https:\/\/www.instagram.com\/fagralidosteopati\/\",\"https:\/\/www.linkedin.com\/in\/philipfagralid\/\"],\"jobTitle\":\"Osteopat\",\"worksFor\":\"Osteopati Bornholm\"}]}<\/script>\n<!-- \/ Yoast SEO Premium plugin. -->","yoast_head_json":{"title":"OSTEOPAT OG FYSIOTERAPEUT P\u00c5 BORNHOLM - Philip Fagralid - Osteopati og fysioterapi p&aring; Bornholm","description":"Jeg er aut. fysioterapeut og aut. osteopat p\u00e5 i R\u00f8nne p\u00e5 Bornholm, og behandler smerter og funktionsneds\u00e6ttelser igennem en grundig dialog og unders\u00f8gelse, der altid involverer dig. Jeg specialiserer mig inden for smerter i muskler og led, samt b\u00f8rn og kvinder f\u00f8r, under og efter en graviditet. Book tid her","robots":{"index":"index","follow":"follow","max-snippet":"max-snippet:-1","max-image-preview":"max-image-preview:large","max-video-preview":"max-video-preview:-1"},"canonical":"http:\/\/fagralid.dk\/","og_locale":"da_DK","og_type":"article","og_title":"OSTEOPAT OG FYSIOTERAPEUT P\u00c5 BORNHOLM","og_description":"Jeg er aut. fysioterapeut og aut. osteopat p\u00e5 i R\u00f8nne p\u00e5 Bornholm, og behandler smerter og funktionsneds\u00e6ttelser igennem en grundig dialog og unders\u00f8gelse, der altid involverer dig. Jeg specialiserer mig inden for smerter i muskler og led, samt b\u00f8rn og kvinder f\u00f8r, under og efter en graviditet. Book tid her","og_url":"http:\/\/fagralid.dk\/","og_site_name":"Philip Fagralid - Osteopati og fysioterapi p&aring; Bornholm","article_modified_time":"2024-03-05T07:48:42+00:00","og_image":[{"url":"http:\/\/fagralid.dk\/wp-content\/uploads\/2023\/12\/web_DSC7626-Edit-copy-683x1024-1-e1701775555204.jpg","type":"","width":"","height":""}],"twitter_card":"summary_large_image","twitter_misc":{"Estimeret l\u00e6setid":"1 minut"},"schema":{"@context":"https:\/\/schema.org","@graph":[{"@type":"WebPage","@id":"http:\/\/fagralid.dk\/","url":"http:\/\/fagralid.dk\/","name":"OSTEOPAT OG FYSIOTERAPEUT P\u00c5 BORNHOLM - Philip Fagralid - Osteopati og fysioterapi p&aring; Bornholm","isPartOf":{"@id":"http:\/\/fagralid.dk\/#website"},"primaryImageOfPage":{"@id":"http:\/\/fagralid.dk\/#primaryimage"},"image":{"@id":"http:\/\/fagralid.dk\/#primaryimage"},"thumbnailUrl":"http:\/\/fagralid.dk\/wp-content\/uploads\/2023\/12\/web_DSC7626-Edit-copy-683x1024-1-e1701775555204.jpg","datePublished":"2023-12-05T11:08:43+00:00","dateModified":"2024-03-05T07:48:42+00:00","description":"Jeg er aut. fysioterapeut og aut. osteopat p\u00e5 i R\u00f8nne p\u00e5 Bornholm, og behandler smerter og funktionsneds\u00e6ttelser igennem en grundig dialog og unders\u00f8gelse, der altid involverer dig. Jeg specialiserer mig inden for smerter i muskler og led, samt b\u00f8rn og kvinder f\u00f8r, under og efter en graviditet. Book tid her","breadcrumb":{"@id":"http:\/\/fagralid.dk\/#breadcrumb"},"inLanguage":"da-DK","potentialAction":[{"@type":"ReadAction","target":["http:\/\/fagralid.dk\/"]}]},{"@type":"ImageObject","inLanguage":"da-DK","@id":"http:\/\/fagralid.dk\/#primaryimage","url":"http:\/\/fagralid.dk\/wp-content\/uploads\/2023\/12\/web_DSC7626-Edit-copy-683x1024-1-e1701775555204.jpg","contentUrl":"http:\/\/fagralid.dk\/wp-content\/uploads\/2023\/12\/web_DSC7626-Edit-copy-683x1024-1-e1701775555204.jpg","width":682,"height":810},{"@type":"BreadcrumbList","@id":"http:\/\/fagralid.dk\/#breadcrumb","itemListElement":[{"@type":"ListItem","position":1,"name":"Hjem","item":"http:\/\/fagralid.dk\/"},{"@type":"ListItem","position":2,"name":"OSTEOPAT OG FYSIOTERAPEUT P\u00c5 BORNHOLM"}]},{"@type":"WebSite","@id":"http:\/\/fagralid.dk\/#website","url":"http:\/\/fagralid.dk\/","name":"Philip Fagralid - Osteopat og fysioterapeut p\u00e5 Bornholm","description":"","publisher":{"@id":"http:\/\/fagralid.dk\/#\/schema\/person\/87cecda422b89528634bfd5967b26adc"},"potentialAction":[{"@type":"SearchAction","target":{"@type":"EntryPoint","urlTemplate":"http:\/\/fagralid.dk\/?s={search_term_string}"},"query-input":{"@type":"PropertyValueSpecification","valueRequired":true,"valueName":"search_term_string"}}],"inLanguage":"da-DK"},{"@type":["Person","Organization"],"@id":"http:\/\/fagralid.dk\/#\/schema\/person\/87cecda422b89528634bfd5967b26adc","name":"admin","image":{"@type":"ImageObject","inLanguage":"da-DK","@id":"http:\/\/fagralid.dk\/#\/schema\/person\/image\/","url":"http:\/\/fagralid.dk\/wp-content\/uploads\/2023\/12\/cropped-LOGO-Fagralid-Coaching-4.png","contentUrl":"http:\/\/fagralid.dk\/wp-content\/uploads\/2023\/12\/cropped-LOGO-Fagralid-Coaching-4.png","width":512,"height":512,"caption":"admin"},"logo":{"@id":"http:\/\/fagralid.dk\/#\/schema\/person\/image\/"},"description":"Osteopat og fysioterapeut i R\u00f8nne, Bornholm. Specialiserer mig inden for smerter i muskler og led, samt hos b\u00f8rn og kvinder f\u00f8r, under og efter graviditeten.","sameAs":["http:\/\/fagralid.dk","https:\/\/www.instagram.com\/fagralidosteopati\/","https:\/\/www.linkedin.com\/in\/philipfagralid\/"],"jobTitle":"Osteopat","worksFor":"Osteopati Bornholm"}]}},"_links":{"self":[{"href":"http:\/\/fagralid.dk\/index.php\/wp-json\/wp\/v2\/pages\/2","targetHints":{"allow":["GET"]}}],"collection":[{"href":"http:\/\/fagralid.dk\/index.php\/wp-json\/wp\/v2\/pages"}],"about":[{"href":"http:\/\/fagralid.dk\/index.php\/wp-json\/wp\/v2\/types\/page"}],"author":[{"embeddable":true,"href":"http:\/\/fagralid.dk\/index.php\/wp-json\/wp\/v2\/users\/1"}],"replies":[{"embeddable":true,"href":"http:\/\/fagralid.dk\/index.php\/wp-json\/wp\/v2\/comments?post=2"}],"version-history":[{"count":34,"href":"http:\/\/fagralid.dk\/index.php\/wp-json\/wp\/v2\/pages\/2\/revisions"}],"predecessor-version":[{"id":189,"href":"http:\/\/fagralid.dk\/index.php\/wp-json\/wp\/v2\/pages\/2\/revisions\/189"}],"wp:attachment":[{"href":"http:\/\/fagralid.dk\/index.php\/wp-json\/wp\/v2\/media?parent=2"}],"curies":[{"name":"wp","href":"https:\/\/api.w.org\/{rel}","templated":true}]}}